{"id":11,"date":"2015-11-26T15:24:57","date_gmt":"2015-11-26T14:24:57","guid":{"rendered":"http:\/\/www.racontemoitonhistoire.be\/?page_id=11"},"modified":"2026-03-25T21:00:19","modified_gmt":"2026-03-25T20:00:19","slug":"le-cabinet-atelier","status":"publish","type":"page","link":"http:\/\/www.racontemoitonhistoire.be\/?page_id=11","title":{"rendered":"Le cabinet"},"content":{"rendered":"<p>Voici l&rsquo;adresse du cabinet: Rue de Namur 61 \u00e0 4280 Hannut.<\/p>\n<p>Le cabinet est situ\u00e9 dans le centre ville de Hannut.<\/p>\n<p>D&rsquo;une superficie de 40 m\u00e8tres carr\u00e9s, il\u00a0est organis\u00e9 en deux espaces au sein du m\u00eame local:<\/p>\n<p>Un espace bureau et un coin salon d\u00e9di\u00e9 \u00e0 l\u2019accueil des parents et des familles.<\/p>\n<p><a href=\"http:\/\/www.racontemoitonhistoire.be\/wp-content\/uploads\/2015\/11\/DSC_0288.jpg\"><img loading=\"lazy\" decoding=\"async\" class=\"alignnone size-medium wp-image-181\" src=\"http:\/\/www.racontemoitonhistoire.be\/wp-content\/uploads\/2015\/11\/DSC_0288-300x200.jpg\" alt=\"\" width=\"300\" height=\"200\" srcset=\"http:\/\/www.racontemoitonhistoire.be\/wp-content\/uploads\/2015\/11\/DSC_0288-300x200.jpg 300w, http:\/\/www.racontemoitonhistoire.be\/wp-content\/uploads\/2015\/11\/DSC_0288-768x512.jpg 768w, http:\/\/www.racontemoitonhistoire.be\/wp-content\/uploads\/2015\/11\/DSC_0288-1024x683.jpg 1024w\" sizes=\"(max-width: 300px) 100vw, 300px\" \/><\/a>\u00a0<a href=\"http:\/\/www.racontemoitonhistoire.be\/wp-content\/uploads\/2015\/11\/DSC_0293-1.jpg\"><img loading=\"lazy\" decoding=\"async\" class=\"alignnone size-medium wp-image-193\" src=\"http:\/\/www.racontemoitonhistoire.be\/wp-content\/uploads\/2015\/11\/DSC_0293-1-300x200.jpg\" alt=\"\" width=\"300\" height=\"200\" srcset=\"http:\/\/www.racontemoitonhistoire.be\/wp-content\/uploads\/2015\/11\/DSC_0293-1-300x200.jpg 300w, http:\/\/www.racontemoitonhistoire.be\/wp-content\/uploads\/2015\/11\/DSC_0293-1-768x512.jpg 768w, http:\/\/www.racontemoitonhistoire.be\/wp-content\/uploads\/2015\/11\/DSC_0293-1-1024x683.jpg 1024w\" sizes=\"(max-width: 300px) 100vw, 300px\" \/><\/a><\/p>\n<p>Un espace atelier d\u00e9di\u00e9 \u00e0 la Th\u00e9rapie par le Jeu et la Cr\u00e9ativit\u00e9 est lui r\u00e9serv\u00e9 aux enfants et aux adolescents.<\/p>\n<p><a href=\"http:\/\/www.racontemoitonhistoire.be\/wp-content\/uploads\/2015\/11\/DSC_0286.jpg\"><img loading=\"lazy\" decoding=\"async\" class=\"alignnone size-medium wp-image-179\" src=\"http:\/\/www.racontemoitonhistoire.be\/wp-content\/uploads\/2015\/11\/DSC_0286-300x200.jpg\" alt=\"\" width=\"300\" height=\"200\" srcset=\"http:\/\/www.racontemoitonhistoire.be\/wp-content\/uploads\/2015\/11\/DSC_0286-300x200.jpg 300w, http:\/\/www.racontemoitonhistoire.be\/wp-content\/uploads\/2015\/11\/DSC_0286-768x512.jpg 768w, http:\/\/www.racontemoitonhistoire.be\/wp-content\/uploads\/2015\/11\/DSC_0286-1024x683.jpg 1024w\" sizes=\"(max-width: 300px) 100vw, 300px\" \/><\/a>\u00a0<a href=\"http:\/\/www.racontemoitonhistoire.be\/wp-content\/uploads\/2015\/11\/DSC_0287.jpg\"><img loading=\"lazy\" decoding=\"async\" class=\"alignnone size-medium wp-image-180\" src=\"http:\/\/www.racontemoitonhistoire.be\/wp-content\/uploads\/2015\/11\/DSC_0287-300x200.jpg\" alt=\"\" width=\"300\" height=\"200\" srcset=\"http:\/\/www.racontemoitonhistoire.be\/wp-content\/uploads\/2015\/11\/DSC_0287-300x200.jpg 300w, http:\/\/www.racontemoitonhistoire.be\/wp-content\/uploads\/2015\/11\/DSC_0287-768x512.jpg 768w, http:\/\/www.racontemoitonhistoire.be\/wp-content\/uploads\/2015\/11\/DSC_0287-1024x683.jpg 1024w\" sizes=\"(max-width: 300px) 100vw, 300px\" \/><\/a><\/p>\n<p><a href=\"http:\/\/www.racontemoitonhistoire.be\/wp-content\/uploads\/2015\/11\/DSC_0291.jpg\"><img loading=\"lazy\" decoding=\"async\" class=\"alignnone size-medium wp-image-192\" src=\"http:\/\/www.racontemoitonhistoire.be\/wp-content\/uploads\/2015\/11\/DSC_0291-300x200.jpg\" alt=\"\" width=\"300\" height=\"200\" srcset=\"http:\/\/www.racontemoitonhistoire.be\/wp-content\/uploads\/2015\/11\/DSC_0291-300x200.jpg 300w, http:\/\/www.racontemoitonhistoire.be\/wp-content\/uploads\/2015\/11\/DSC_0291-768x512.jpg 768w, http:\/\/www.racontemoitonhistoire.be\/wp-content\/uploads\/2015\/11\/DSC_0291-1024x683.jpg 1024w\" sizes=\"(max-width: 300px) 100vw, 300px\" \/><\/a> <a href=\"http:\/\/www.racontemoitonhistoire.be\/wp-content\/uploads\/2015\/11\/DSC_0304.jpg\"><img loading=\"lazy\" decoding=\"async\" class=\"alignnone size-medium wp-image-189\" src=\"http:\/\/www.racontemoitonhistoire.be\/wp-content\/uploads\/2015\/11\/DSC_0304-300x200.jpg\" alt=\"\" width=\"300\" height=\"200\" srcset=\"http:\/\/www.racontemoitonhistoire.be\/wp-content\/uploads\/2015\/11\/DSC_0304-300x200.jpg 300w, http:\/\/www.racontemoitonhistoire.be\/wp-content\/uploads\/2015\/11\/DSC_0304-768x512.jpg 768w, http:\/\/www.racontemoitonhistoire.be\/wp-content\/uploads\/2015\/11\/DSC_0304-1024x683.jpg 1024w\" sizes=\"(max-width: 300px) 100vw, 300px\" \/><\/a> <a href=\"http:\/\/www.racontemoitonhistoire.be\/wp-content\/uploads\/2015\/11\/DSC_0305.jpg\"><img loading=\"lazy\" decoding=\"async\" class=\"alignnone size-medium wp-image-190\" src=\"http:\/\/www.racontemoitonhistoire.be\/wp-content\/uploads\/2015\/11\/DSC_0305-300x200.jpg\" alt=\"\" width=\"300\" height=\"200\" srcset=\"http:\/\/www.racontemoitonhistoire.be\/wp-content\/uploads\/2015\/11\/DSC_0305-300x200.jpg 300w, http:\/\/www.racontemoitonhistoire.be\/wp-content\/uploads\/2015\/11\/DSC_0305-768x512.jpg 768w, http:\/\/www.racontemoitonhistoire.be\/wp-content\/uploads\/2015\/11\/DSC_0305-1024x683.jpg 1024w\" sizes=\"(max-width: 300px) 100vw, 300px\" \/><\/a> <a href=\"http:\/\/www.racontemoitonhistoire.be\/wp-content\/uploads\/2015\/11\/DSC_0303.jpg\"><img loading=\"lazy\" decoding=\"async\" class=\"alignnone size-medium wp-image-188\" src=\"http:\/\/www.racontemoitonhistoire.be\/wp-content\/uploads\/2015\/11\/DSC_0303-300x200.jpg\" alt=\"\" width=\"300\" height=\"200\" srcset=\"http:\/\/www.racontemoitonhistoire.be\/wp-content\/uploads\/2015\/11\/DSC_0303-300x200.jpg 300w, http:\/\/www.racontemoitonhistoire.be\/wp-content\/uploads\/2015\/11\/DSC_0303-768x512.jpg 768w, http:\/\/www.racontemoitonhistoire.be\/wp-content\/uploads\/2015\/11\/DSC_0303-1024x683.jpg 1024w\" sizes=\"(max-width: 300px) 100vw, 300px\" \/><\/a> <a href=\"http:\/\/www.racontemoitonhistoire.be\/wp-content\/uploads\/2015\/11\/DSC_0302.jpg\"><img loading=\"lazy\" decoding=\"async\" class=\"alignnone size-medium wp-image-187\" src=\"http:\/\/www.racontemoitonhistoire.be\/wp-content\/uploads\/2015\/11\/DSC_0302-300x200.jpg\" alt=\"\" width=\"300\" height=\"200\" srcset=\"http:\/\/www.racontemoitonhistoire.be\/wp-content\/uploads\/2015\/11\/DSC_0302-300x200.jpg 300w, http:\/\/www.racontemoitonhistoire.be\/wp-content\/uploads\/2015\/11\/DSC_0302-768x512.jpg 768w, http:\/\/www.racontemoitonhistoire.be\/wp-content\/uploads\/2015\/11\/DSC_0302-1024x683.jpg 1024w\" sizes=\"(max-width: 300px) 100vw, 300px\" \/><\/a> <a href=\"http:\/\/www.racontemoitonhistoire.be\/wp-content\/uploads\/2015\/11\/DSC_0301.jpg\"><img loading=\"lazy\" decoding=\"async\" class=\"alignnone size-medium wp-image-186\" src=\"http:\/\/www.racontemoitonhistoire.be\/wp-content\/uploads\/2015\/11\/DSC_0301-300x200.jpg\" alt=\"\" width=\"300\" height=\"200\" srcset=\"http:\/\/www.racontemoitonhistoire.be\/wp-content\/uploads\/2015\/11\/DSC_0301-300x200.jpg 300w, http:\/\/www.racontemoitonhistoire.be\/wp-content\/uploads\/2015\/11\/DSC_0301-768x512.jpg 768w, http:\/\/www.racontemoitonhistoire.be\/wp-content\/uploads\/2015\/11\/DSC_0301-1024x683.jpg 1024w\" sizes=\"(max-width: 300px) 100vw, 300px\" \/><\/a> <a href=\"http:\/\/www.racontemoitonhistoire.be\/wp-content\/uploads\/2015\/11\/DSC_0299.jpg\"><img loading=\"lazy\" decoding=\"async\" class=\"alignnone size-medium wp-image-185\" src=\"http:\/\/www.racontemoitonhistoire.be\/wp-content\/uploads\/2015\/11\/DSC_0299-300x200.jpg\" alt=\"\" width=\"300\" height=\"200\" srcset=\"http:\/\/www.racontemoitonhistoire.be\/wp-content\/uploads\/2015\/11\/DSC_0299-300x200.jpg 300w, http:\/\/www.racontemoitonhistoire.be\/wp-content\/uploads\/2015\/11\/DSC_0299-768x512.jpg 768w, http:\/\/www.racontemoitonhistoire.be\/wp-content\/uploads\/2015\/11\/DSC_0299-1024x683.jpg 1024w\" sizes=\"(max-width: 300px) 100vw, 300px\" \/><\/a> <a href=\"http:\/\/www.racontemoitonhistoire.be\/wp-content\/uploads\/2015\/11\/DSC_0290.jpg\"><img loading=\"lazy\" decoding=\"async\" class=\"alignnone size-medium wp-image-182\" src=\"http:\/\/www.racontemoitonhistoire.be\/wp-content\/uploads\/2015\/11\/DSC_0290-300x200.jpg\" alt=\"\" width=\"300\" height=\"200\" srcset=\"http:\/\/www.racontemoitonhistoire.be\/wp-content\/uploads\/2015\/11\/DSC_0290-300x200.jpg 300w, http:\/\/www.racontemoitonhistoire.be\/wp-content\/uploads\/2015\/11\/DSC_0290-768x512.jpg 768w, http:\/\/www.racontemoitonhistoire.be\/wp-content\/uploads\/2015\/11\/DSC_0290-1024x683.jpg 1024w\" sizes=\"(max-width: 300px) 100vw, 300px\" \/><\/a><\/p>\n\n<div class=\"wp-block-image\">\n<figure class=\"aligncenter size-full is-resized\"><a href=\"http:\/\/www.racontemoitonhistoire.be\/wp-content\/uploads\/2024\/09\/logo-version-jpeg.jpg\"><img loading=\"lazy\" decoding=\"async\" width=\"500\" height=\"500\" src=\"http:\/\/www.racontemoitonhistoire.be\/wp-content\/uploads\/2024\/09\/logo-version-jpeg.jpg\" alt=\"\" class=\"wp-image-603\" style=\"width:285px;height:auto\" srcset=\"http:\/\/www.racontemoitonhistoire.be\/wp-content\/uploads\/2024\/09\/logo-version-jpeg.jpg 500w, http:\/\/www.racontemoitonhistoire.be\/wp-content\/uploads\/2024\/09\/logo-version-jpeg-300x300.jpg 300w, http:\/\/www.racontemoitonhistoire.be\/wp-content\/uploads\/2024\/09\/logo-version-jpeg-150x150.jpg 150w, http:\/\/www.racontemoitonhistoire.be\/wp-content\/uploads\/2024\/09\/logo-version-jpeg-100x100.jpg 100w\" sizes=\"(max-width: 500px) 100vw, 500px\" \/><\/a><\/figure>\n<\/div>","protected":false},"excerpt":{"rendered":"<p>Voici l&rsquo;adresse du cabinet: Rue de Namur 61 \u00e0 4280 Hannut. Le cabinet est situ\u00e9 dans le centre ville de Hannut. D&rsquo;une superficie de 40 m\u00e8tres carr\u00e9s, il\u00a0est organis\u00e9 en deux espaces au sein du m\u00eame local: Un espace bureau et un coin salon d\u00e9di\u00e9 \u00e0 l\u2019accueil des parents et des familles. \u00a0 Un espace [&hellip;]<\/p>\n","protected":false},"author":1,"featured_media":0,"parent":0,"menu_order":0,"comment_status":"closed","ping_status":"closed","template":"","meta":{"saved_in_kubio":true,"om_disable_all_campaigns":false,"_monsterinsights_skip_tracking":false,"_monsterinsights_sitenote_active":false,"_monsterinsights_sitenote_note":"","_monsterinsights_sitenote_category":0,"footnotes":""},"class_list":["post-11","page","type-page","status-publish","hentry"],"aioseo_notices":[],"kubio_ai_page_context":{"short_desc":"","purpose":"general"},"_links":{"self":[{"href":"http:\/\/www.racontemoitonhistoire.be\/index.php?rest_route=\/wp\/v2\/pages\/11","targetHints":{"allow":["GET"]}}],"collection":[{"href":"http:\/\/www.racontemoitonhistoire.be\/index.php?rest_route=\/wp\/v2\/pages"}],"about":[{"href":"http:\/\/www.racontemoitonhistoire.be\/index.php?rest_route=\/wp\/v2\/types\/page"}],"author":[{"embeddable":true,"href":"http:\/\/www.racontemoitonhistoire.be\/index.php?rest_route=\/wp\/v2\/users\/1"}],"replies":[{"embeddable":true,"href":"http:\/\/www.racontemoitonhistoire.be\/index.php?rest_route=%2Fwp%2Fv2%2Fcomments&post=11"}],"version-history":[{"count":18,"href":"http:\/\/www.racontemoitonhistoire.be\/index.php?rest_route=\/wp\/v2\/pages\/11\/revisions"}],"predecessor-version":[{"id":1068,"href":"http:\/\/www.racontemoitonhistoire.be\/index.php?rest_route=\/wp\/v2\/pages\/11\/revisions\/1068"}],"wp:attachment":[{"href":"http:\/\/www.racontemoitonhistoire.be\/index.php?rest_route=%2Fwp%2Fv2%2Fmedia&parent=11"}],"curies":[{"name":"wp","href":"https:\/\/api.w.org\/{rel}","templated":true}]}}