{"id":275,"date":"2018-03-21T14:28:19","date_gmt":"2018-03-21T13:28:19","guid":{"rendered":"http:\/\/www.racontemoitonhistoire.be\/?page_id=275"},"modified":"2024-09-04T15:22:08","modified_gmt":"2024-09-04T14:22:08","slug":"test-qi","status":"publish","type":"page","link":"http:\/\/www.racontemoitonhistoire.be\/?page_id=275","title":{"rendered":"\u00c9valuation du quotient intellectuel"},"content":{"rendered":"\n<div style=\"height:39px\" aria-hidden=\"true\" class=\"wp-block-spacer\"><\/div>\n\n\n<p>Le test de quotient intellectuel permet de d\u00e9terminer cliniquement, les potentiels d\u2019apprentissage des enfants, et leur faire comprendre comment ils arrivent \u00e0 travailler.<\/p>\n<p>Notre \u00e9quipe de psychologue est \u00e9quip\u00e9 des derniers outils disponibles pour r\u00e9aliser des tests de QI pour enfants, adolescents et jeunes adultes.&nbsp;<em>&nbsp;<\/em><\/p>\n<p>Il s&rsquo;agit des \u00e9chelles d&rsquo;intelligence de Weschler, les tests de QI les plus utilis\u00e9s et valid\u00e9s en Belgique.<\/p>\n\n\n<div style=\"height:44px\" aria-hidden=\"true\" class=\"wp-block-spacer\"><\/div>\n\n\n<div class=\"wp-block-image\">\n<figure class=\"aligncenter is-resized\"><img loading=\"lazy\" decoding=\"async\" width=\"1024\" height=\"768\" src=\"http:\/\/www.racontemoitonhistoire.be\/wp-content\/uploads\/2019\/02\/IMG_5719-1024x768.jpg\" alt=\"\" class=\"wp-image-365\" style=\"width:341px;height:256px\" srcset=\"http:\/\/www.racontemoitonhistoire.be\/wp-content\/uploads\/2019\/02\/IMG_5719-1024x768.jpg 1024w, http:\/\/www.racontemoitonhistoire.be\/wp-content\/uploads\/2019\/02\/IMG_5719-300x225.jpg 300w, http:\/\/www.racontemoitonhistoire.be\/wp-content\/uploads\/2019\/02\/IMG_5719-768x576.jpg 768w, http:\/\/www.racontemoitonhistoire.be\/wp-content\/uploads\/2019\/02\/IMG_5719.jpg 2016w\" sizes=\"(max-width: 1024px) 100vw, 1024px\" \/><\/figure>\n<\/div>\n\n\n<div style=\"height:48px\" aria-hidden=\"true\" class=\"wp-block-spacer\"><\/div>\n\n\n<p>Trois types de tests sont pratiqu\u00e9s en fonction de l&rsquo;\u00e2ge du patient:<br \/>&#8211; WPPSI-IV pour les enfants de 2 ans 6 mois \u00e0 7 ans 3 mois.<br \/>&#8211; WISC-V pour les enfants de 6 ans \u00e0 16 ans 11 mois.<br \/>&#8211; WAIS-IV pour les adolescents \u00e0 partir de 16 ans.<\/p>\n\n\n<div style=\"height:45px\" aria-hidden=\"true\" class=\"wp-block-spacer\"><\/div>\n\n\n<p>Seules les psychologues et les neuropsychologues sont habilit\u00e9s \u00e0 faire passer officiellement ce genre de test. Un test est parfois n\u00e9cessaire dans le cadre d&rsquo;une prise en charge logop\u00e9dique et des remboursements des s\u00e9ances de logop\u00e9die et lors de difficult\u00e9s d&rsquo;apprentissage pour la mise en \u0153uvre d&rsquo;am\u00e9nagements raisonnables.<\/p>\n<p>\u00a0<\/p>\n<p>\u00a0<\/p>\n<p>\u00a0<\/p>\n\n<div class=\"wp-block-image\">\n<figure class=\"aligncenter size-full is-resized\"><a href=\"http:\/\/www.racontemoitonhistoire.be\/wp-content\/uploads\/2024\/09\/logo-version-jpeg.jpg\"><img loading=\"lazy\" decoding=\"async\" width=\"500\" height=\"500\" src=\"http:\/\/www.racontemoitonhistoire.be\/wp-content\/uploads\/2024\/09\/logo-version-jpeg.jpg\" alt=\"\" class=\"wp-image-603\" style=\"width:314px;height:auto\" srcset=\"http:\/\/www.racontemoitonhistoire.be\/wp-content\/uploads\/2024\/09\/logo-version-jpeg.jpg 500w, http:\/\/www.racontemoitonhistoire.be\/wp-content\/uploads\/2024\/09\/logo-version-jpeg-300x300.jpg 300w, http:\/\/www.racontemoitonhistoire.be\/wp-content\/uploads\/2024\/09\/logo-version-jpeg-150x150.jpg 150w, http:\/\/www.racontemoitonhistoire.be\/wp-content\/uploads\/2024\/09\/logo-version-jpeg-100x100.jpg 100w\" sizes=\"(max-width: 500px) 100vw, 500px\" \/><\/a><\/figure>\n<\/div>","protected":false},"excerpt":{"rendered":"<p>Le test de quotient intellectuel permet de d\u00e9terminer cliniquement, les potentiels d\u2019apprentissage des enfants, et leur faire comprendre comment ils arrivent \u00e0 travailler. Notre \u00e9quipe de psychologue est \u00e9quip\u00e9 des derniers outils disponibles pour r\u00e9aliser des tests de QI pour enfants, adolescents et jeunes adultes.&nbsp;&nbsp; Il s&rsquo;agit des \u00e9chelles d&rsquo;intelligence de Weschler, les tests de [&hellip;]<\/p>\n","protected":false},"author":1,"featured_media":0,"parent":0,"menu_order":0,"comment_status":"closed","ping_status":"closed","template":"","meta":{"saved_in_kubio":false,"om_disable_all_campaigns":false,"_monsterinsights_skip_tracking":false,"_monsterinsights_sitenote_active":false,"_monsterinsights_sitenote_note":"","_monsterinsights_sitenote_category":0,"footnotes":""},"class_list":["post-275","page","type-page","status-publish","hentry"],"aioseo_notices":[],"kubio_ai_page_context":{"short_desc":"","purpose":"general"},"_links":{"self":[{"href":"http:\/\/www.racontemoitonhistoire.be\/index.php?rest_route=\/wp\/v2\/pages\/275","targetHints":{"allow":["GET"]}}],"collection":[{"href":"http:\/\/www.racontemoitonhistoire.be\/index.php?rest_route=\/wp\/v2\/pages"}],"about":[{"href":"http:\/\/www.racontemoitonhistoire.be\/index.php?rest_route=\/wp\/v2\/types\/page"}],"author":[{"embeddable":true,"href":"http:\/\/www.racontemoitonhistoire.be\/index.php?rest_route=\/wp\/v2\/users\/1"}],"replies":[{"embeddable":true,"href":"http:\/\/www.racontemoitonhistoire.be\/index.php?rest_route=%2Fwp%2Fv2%2Fcomments&post=275"}],"version-history":[{"count":13,"href":"http:\/\/www.racontemoitonhistoire.be\/index.php?rest_route=\/wp\/v2\/pages\/275\/revisions"}],"predecessor-version":[{"id":644,"href":"http:\/\/www.racontemoitonhistoire.be\/index.php?rest_route=\/wp\/v2\/pages\/275\/revisions\/644"}],"wp:attachment":[{"href":"http:\/\/www.racontemoitonhistoire.be\/index.php?rest_route=%2Fwp%2Fv2%2Fmedia&parent=275"}],"curies":[{"name":"wp","href":"https:\/\/api.w.org\/{rel}","templated":true}]}}