{"id":660,"date":"2025-01-19T21:26:20","date_gmt":"2025-01-19T20:26:20","guid":{"rendered":"https:\/\/www.racontemoitonhistoire.be\/?page_id=660"},"modified":"2025-07-28T09:29:35","modified_gmt":"2025-07-28T08:29:35","slug":"aurelie-dandoy-kinesitherapeute-pediatrique","status":"publish","type":"page","link":"http:\/\/www.racontemoitonhistoire.be\/?page_id=660","title":{"rendered":"Aur\u00e9lie Dandoy, kin\u00e9sith\u00e9rapeute p\u00e9diatrique"},"content":{"rendered":"<div class=\"wp-block-image\">\n<figure class=\"aligncenter size-large is-resized\"><a href=\"https:\/\/www.racontemoitonhistoire.be\/wp-content\/uploads\/2025\/07\/Racadrees-box-nb-111-scaled.jpg\"><img loading=\"lazy\" decoding=\"async\" width=\"1024\" height=\"992\" src=\"https:\/\/www.racontemoitonhistoire.be\/wp-content\/uploads\/2025\/07\/Racadrees-box-nb-111-1024x992.jpg\" alt=\"\" class=\"wp-image-709\" style=\"width:515px;height:auto\" srcset=\"http:\/\/www.racontemoitonhistoire.be\/wp-content\/uploads\/2025\/07\/Racadrees-box-nb-111-1024x992.jpg 1024w, http:\/\/www.racontemoitonhistoire.be\/wp-content\/uploads\/2025\/07\/Racadrees-box-nb-111-300x291.jpg 300w, http:\/\/www.racontemoitonhistoire.be\/wp-content\/uploads\/2025\/07\/Racadrees-box-nb-111-768x744.jpg 768w, http:\/\/www.racontemoitonhistoire.be\/wp-content\/uploads\/2025\/07\/Racadrees-box-nb-111-1536x1488.jpg 1536w, http:\/\/www.racontemoitonhistoire.be\/wp-content\/uploads\/2025\/07\/Racadrees-box-nb-111-2048x1984.jpg 2048w\" sizes=\"(max-width: 1024px) 100vw, 1024px\" \/><\/a><\/figure>\n<\/div>\n\n\n<p>Bonjour \u00e0 toutes et \u00e0 tous, et bienvenue sur ma page de pr\u00e9sentation !<\/p>\n\n\n\n<p>Je suis Aur\u00e9lie Dandoy, kin\u00e9sith\u00e9rapeute passionn\u00e9e et pleine de projets, et d\u2019une curiosit\u00e9 sans fin pour le d\u00e9veloppement des plus jeunes.<\/p>\n\n\n\n<p>Observer les enfants d\u00e9couvrir, affiner leurs mouvements et s\u2019approprier leur environnement m\u2019a toujours fascin\u00e9e. C\u2019est donc tout naturellement que, d\u00e8s la fin de mon master il y a 16 ans, je me suis sp\u00e9cialis\u00e9e en kin\u00e9sith\u00e9rapie p\u00e9diatrique et neurop\u00e9diatrique (th\u00e9rapie Bobath).<\/p>\n\n\n\n<p>Cette expertise m\u2019a permis d\u2019acqu\u00e9rir une solide connaissance des diverses pathologies motrices et psychomotrices infantiles. J\u2019interviens notamment pour :<\/p>\n\n\n\n<p>&#8211; Les torticolis cong\u00e9nitaux et malpositions: am\u00e9liorer la mobilit\u00e9 et limiter les asym\u00e9tries.<\/p>\n\n\n\n<p>&#8211; Les retards et troubles du d\u00e9veloppement moteur et psychomoteur: aider l\u2019enfant \u00e0 acqu\u00e9rir les \u00e9tapes cl\u00e9s de son d\u00e9veloppement.<\/p>\n\n\n\n<p>&#8211; Pathologies neurologiques p\u00e9rinatales.<\/p>\n\n\n\n<p>&#8211; Les troubles de la communication, difficult\u00e9s dans la gestion comportementale : favoriser les interactions et l\u2019\u00e9veil, apaiser les difficult\u00e9s sensorielles, travailler le relationnel,&#8230;<\/p>\n\n\n\n<p>&#8211; Kin\u00e9 respiratoire de l&rsquo;enfant et du tout-petit.<\/p>\n\n\n\n<p>&#8211; Conseils de handling et participation parentale, conseils \u00e0 domicile en cas de besoin.<\/p>\n\n\n\n<p>&#8211; &#8230;<\/p>\n\n\n\n<p>Les s\u00e9ances de 30 minutes se d\u00e9roulent dans une atmosph\u00e8re calme et bienveillante. Chaque enfant progresse \u00e0 son propre rythme, avec des exercices personnalis\u00e9s en fonction de ses besoins. Mon objectif est de cr\u00e9er un environnement th\u00e9rapeutique rassurant o\u00f9 l\u2019enfant se sent \u00e0 l\u2019aise, et o\u00f9 le soin devient un moment d\u2019\u00e9change et de progr\u00e8s.<\/p>\n\n\n\n<p>J\u2019accorde aussi une importance particuli\u00e8re \u00e0 l\u2019accompagnement parental. En effet, la continuit\u00e9 des soins passe souvent par l\u2019apprentissage et la comprehension de gestes sp\u00e9cifiques et par des interactions adapt\u00e9es entre l\u2019enfant et ses parents. Voir un enfant \u00e9voluer est une aventure partag\u00e9e, autant pour l&rsquo;enfant et le th\u00e9rapeute que pour les parents. Je prends donc le temps d\u2019\u00e9changer avec les parents pour leur permettre de poursuivre les b\u00e9n\u00e9fices des soins \u00e0 la maison.<\/p>\n\n\n\n<p>N\u2019h\u00e9sitez pas \u00e0 me contacter pour toute question ou pour prendre rendez-vous. Je serai ravie de vous rencontrer et d\u2019accompagner votre enfant pour un petit bout de chemin.<\/p>\n\n\n\n<p>Pour prendre directement rendez-vous avec Aur\u00e9lie Dandoy, cliquez sur le lien ci-dessous:<\/p>\n\n\n\n<p><a href=\"https:\/\/rosa.be\/fr\/booking\/hp\/aurelie-dandoy\/is-new-patient\/?site=67cb0f6416052fcf9205f97d\">https:\/\/rosa.be\/fr\/booking\/hp\/aurelie-dandoy\/is-new-patient\/?site=67cb0f6416052fcf9205f97d<\/a><\/p>\n\n\n<div class=\"wp-block-image\">\n<figure class=\"aligncenter size-full is-resized\"><a href=\"http:\/\/www.racontemoitonhistoire.be\/wp-content\/uploads\/2024\/09\/logo-version-jpeg.jpg\"><img loading=\"lazy\" decoding=\"async\" width=\"500\" height=\"500\" src=\"http:\/\/www.racontemoitonhistoire.be\/wp-content\/uploads\/2024\/09\/logo-version-jpeg.jpg\" alt=\"\" class=\"wp-image-603\" style=\"width:300px;height:auto\" srcset=\"http:\/\/www.racontemoitonhistoire.be\/wp-content\/uploads\/2024\/09\/logo-version-jpeg.jpg 500w, http:\/\/www.racontemoitonhistoire.be\/wp-content\/uploads\/2024\/09\/logo-version-jpeg-300x300.jpg 300w, http:\/\/www.racontemoitonhistoire.be\/wp-content\/uploads\/2024\/09\/logo-version-jpeg-150x150.jpg 150w, http:\/\/www.racontemoitonhistoire.be\/wp-content\/uploads\/2024\/09\/logo-version-jpeg-100x100.jpg 100w\" sizes=\"(max-width: 500px) 100vw, 500px\" \/><\/a><\/figure>\n<\/div>","protected":false},"excerpt":{"rendered":"<p>Bonjour \u00e0 toutes et \u00e0 tous, et bienvenue sur ma page de pr\u00e9sentation ! Je suis Aur\u00e9lie Dandoy, kin\u00e9sith\u00e9rapeute passionn\u00e9e et pleine de projets, et d\u2019une curiosit\u00e9 sans fin pour le d\u00e9veloppement des plus jeunes. Observer les enfants d\u00e9couvrir, affiner leurs mouvements et s\u2019approprier leur environnement m\u2019a toujours fascin\u00e9e. C\u2019est donc tout naturellement que, d\u00e8s [&hellip;]<\/p>\n","protected":false},"author":1,"featured_media":0,"parent":0,"menu_order":0,"comment_status":"closed","ping_status":"closed","template":"","meta":{"saved_in_kubio":true,"om_disable_all_campaigns":false,"_monsterinsights_skip_tracking":false,"_monsterinsights_sitenote_active":false,"_monsterinsights_sitenote_note":"","_monsterinsights_sitenote_category":0,"footnotes":""},"class_list":["post-660","page","type-page","status-publish","hentry"],"aioseo_notices":[],"kubio_ai_page_context":{"short_desc":"","purpose":"general"},"_links":{"self":[{"href":"http:\/\/www.racontemoitonhistoire.be\/index.php?rest_route=\/wp\/v2\/pages\/660","targetHints":{"allow":["GET"]}}],"collection":[{"href":"http:\/\/www.racontemoitonhistoire.be\/index.php?rest_route=\/wp\/v2\/pages"}],"about":[{"href":"http:\/\/www.racontemoitonhistoire.be\/index.php?rest_route=\/wp\/v2\/types\/page"}],"author":[{"embeddable":true,"href":"http:\/\/www.racontemoitonhistoire.be\/index.php?rest_route=\/wp\/v2\/users\/1"}],"replies":[{"embeddable":true,"href":"http:\/\/www.racontemoitonhistoire.be\/index.php?rest_route=%2Fwp%2Fv2%2Fcomments&post=660"}],"version-history":[{"count":8,"href":"http:\/\/www.racontemoitonhistoire.be\/index.php?rest_route=\/wp\/v2\/pages\/660\/revisions"}],"predecessor-version":[{"id":1016,"href":"http:\/\/www.racontemoitonhistoire.be\/index.php?rest_route=\/wp\/v2\/pages\/660\/revisions\/1016"}],"wp:attachment":[{"href":"http:\/\/www.racontemoitonhistoire.be\/index.php?rest_route=%2Fwp%2Fv2%2Fmedia&parent=660"}],"curies":[{"name":"wp","href":"https:\/\/api.w.org\/{rel}","templated":true}]}}