{"id":7,"date":"2015-11-26T15:24:28","date_gmt":"2015-11-26T14:24:28","guid":{"rendered":"http:\/\/www.racontemoitonhistoire.be\/?page_id=7"},"modified":"2026-03-25T20:54:17","modified_gmt":"2026-03-25T19:54:17","slug":"contact","status":"publish","type":"page","link":"http:\/\/www.racontemoitonhistoire.be\/?page_id=7","title":{"rendered":"Contact"},"content":{"rendered":"<p><strong>Pour nous joindre, un seul num\u00e9ro: 0479\/384.388.<\/strong><\/p>\n<p>Pour une demande de suivi th\u00e9rapeutique par un des membres du cabinet, veuillez prendre contact avec notre secr\u00e9tariat au 0479\/384.388.\u00a0 Notre secr\u00e9taire vous aiguillera vers le membre de notre \u00e9quipe le plus ad\u00e9quat pour vous aider.<\/p>\n<p><strong>Vous pouvez \u00e9galement directement prendre rendez-vous via la plateforme Rosa: <\/strong><a href=\"https:\/\/rosa.be\/fr\/org\/raconte-moi-ton-histoire\"><strong>https:\/\/rosa.be\/fr\/org\/raconte-moi-ton-histoire<\/strong><\/a><\/p>\n<p>Adresse du cabinet: Rue de Namur 61, 4280 Hannut.<\/p>\n\n<div class=\"wp-block-image\">\n<figure class=\"aligncenter size-full is-resized\"><a href=\"http:\/\/www.racontemoitonhistoire.be\/wp-content\/uploads\/2024\/09\/logo-version-jpeg.jpg\"><img loading=\"lazy\" decoding=\"async\" width=\"500\" height=\"500\" src=\"http:\/\/www.racontemoitonhistoire.be\/wp-content\/uploads\/2024\/09\/logo-version-jpeg.jpg\" alt=\"\" class=\"wp-image-603\" style=\"width:276px;height:auto\" srcset=\"http:\/\/www.racontemoitonhistoire.be\/wp-content\/uploads\/2024\/09\/logo-version-jpeg.jpg 500w, http:\/\/www.racontemoitonhistoire.be\/wp-content\/uploads\/2024\/09\/logo-version-jpeg-300x300.jpg 300w, http:\/\/www.racontemoitonhistoire.be\/wp-content\/uploads\/2024\/09\/logo-version-jpeg-150x150.jpg 150w, http:\/\/www.racontemoitonhistoire.be\/wp-content\/uploads\/2024\/09\/logo-version-jpeg-100x100.jpg 100w\" sizes=\"(max-width: 500px) 100vw, 500px\" \/><\/a><\/figure>\n<\/div>","protected":false},"excerpt":{"rendered":"<p>Pour nous joindre, un seul num\u00e9ro: 0479\/384.388. Pour une demande de suivi th\u00e9rapeutique par un des membres du cabinet, veuillez prendre contact avec notre secr\u00e9tariat au 0479\/384.388.\u00a0 Notre secr\u00e9taire vous aiguillera vers le membre de notre \u00e9quipe le plus ad\u00e9quat pour vous aider. Vous pouvez \u00e9galement directement prendre rendez-vous via la plateforme Rosa: https:\/\/rosa.be\/fr\/org\/raconte-moi-ton-histoire Adresse [&hellip;]<\/p>\n","protected":false},"author":1,"featured_media":0,"parent":0,"menu_order":0,"comment_status":"closed","ping_status":"closed","template":"","meta":{"saved_in_kubio":true,"om_disable_all_campaigns":false,"_monsterinsights_skip_tracking":false,"_monsterinsights_sitenote_active":false,"_monsterinsights_sitenote_note":"","_monsterinsights_sitenote_category":0,"footnotes":""},"class_list":["post-7","page","type-page","status-publish","hentry"],"aioseo_notices":[],"kubio_ai_page_context":{"short_desc":"","purpose":"general"},"_links":{"self":[{"href":"http:\/\/www.racontemoitonhistoire.be\/index.php?rest_route=\/wp\/v2\/pages\/7","targetHints":{"allow":["GET"]}}],"collection":[{"href":"http:\/\/www.racontemoitonhistoire.be\/index.php?rest_route=\/wp\/v2\/pages"}],"about":[{"href":"http:\/\/www.racontemoitonhistoire.be\/index.php?rest_route=\/wp\/v2\/types\/page"}],"author":[{"embeddable":true,"href":"http:\/\/www.racontemoitonhistoire.be\/index.php?rest_route=\/wp\/v2\/users\/1"}],"replies":[{"embeddable":true,"href":"http:\/\/www.racontemoitonhistoire.be\/index.php?rest_route=%2Fwp%2Fv2%2Fcomments&post=7"}],"version-history":[{"count":30,"href":"http:\/\/www.racontemoitonhistoire.be\/index.php?rest_route=\/wp\/v2\/pages\/7\/revisions"}],"predecessor-version":[{"id":1067,"href":"http:\/\/www.racontemoitonhistoire.be\/index.php?rest_route=\/wp\/v2\/pages\/7\/revisions\/1067"}],"wp:attachment":[{"href":"http:\/\/www.racontemoitonhistoire.be\/index.php?rest_route=%2Fwp%2Fv2%2Fmedia&parent=7"}],"curies":[{"name":"wp","href":"https:\/\/api.w.org\/{rel}","templated":true}]}}