{"id":1069,"date":"2026-03-27T16:20:00","date_gmt":"2026-03-27T15:20:00","guid":{"rendered":"https:\/\/www.racontemoitonhistoire.be\/?page_id=1069"},"modified":"2026-03-27T16:34:37","modified_gmt":"2026-03-27T15:34:37","slug":"la-sophrologie","status":"publish","type":"page","link":"https:\/\/www.racontemoitonhistoire.be\/?page_id=1069","title":{"rendered":"La sophrologie"},"content":{"rendered":"\n<p>Dans un monde toujours plus rapide, toujours plus exigeant, parfois oppressant, nous ne pouvons plus suivre, \u00e9couter nos \u00e9motions, nos besoins, notre corps. Je propose ici un chemin parmi tant d&rsquo;autres&#8230;<\/p>\n\n\n\n<p>La sophrologie est une m\u00e9thode psychocorporelle d&rsquo;accompagnement, cr\u00e9\u00e9e par le neuropsychiatre Alfonso Caycedo, et qui s&rsquo;inspire de diff\u00e9rentes influences th\u00e9rapeutiques et philosophiques venues d&rsquo;Orient et d&rsquo;Occident. Elle combine des techniques de&nbsp;<strong>respiration<\/strong>, de&nbsp;<strong>relaxation dynamique<\/strong>&nbsp;et de&nbsp;<strong>visualisation positive<\/strong>.<\/p>\n\n\n\n<figure class=\"wp-block-image size-large is-resized\"><a href=\"https:\/\/www.racontemoitonhistoire.be\/wp-content\/uploads\/2026\/03\/photo-pour-illustrer-un-article-a-propos-de-la-sophrologie-concernant-les-enfants.jpg\"><img loading=\"lazy\" decoding=\"async\" width=\"1024\" height=\"573\" src=\"https:\/\/www.racontemoitonhistoire.be\/wp-content\/uploads\/2026\/03\/photo-pour-illustrer-un-article-a-propos-de-la-sophrologie-concernant-les-enfants-1024x573.jpg\" alt=\"\" class=\"wp-image-1071\" style=\"aspect-ratio:1.7871152184030317;width:744px;height:auto\" srcset=\"https:\/\/www.racontemoitonhistoire.be\/wp-content\/uploads\/2026\/03\/photo-pour-illustrer-un-article-a-propos-de-la-sophrologie-concernant-les-enfants-1024x573.jpg 1024w, https:\/\/www.racontemoitonhistoire.be\/wp-content\/uploads\/2026\/03\/photo-pour-illustrer-un-article-a-propos-de-la-sophrologie-concernant-les-enfants-300x168.jpg 300w, https:\/\/www.racontemoitonhistoire.be\/wp-content\/uploads\/2026\/03\/photo-pour-illustrer-un-article-a-propos-de-la-sophrologie-concernant-les-enfants-768x430.jpg 768w, https:\/\/www.racontemoitonhistoire.be\/wp-content\/uploads\/2026\/03\/photo-pour-illustrer-un-article-a-propos-de-la-sophrologie-concernant-les-enfants-1536x860.jpg 1536w, https:\/\/www.racontemoitonhistoire.be\/wp-content\/uploads\/2026\/03\/photo-pour-illustrer-un-article-a-propos-de-la-sophrologie-concernant-les-enfants.jpg 1600w\" sizes=\"(max-width: 1024px) 100vw, 1024px\" \/><\/a><\/figure>\n\n\n\n<p>Imagine la sophrologie comme un \u00ab entra\u00eenement du bonheur \u00bb pour ton corps et ta t\u00eate. C&rsquo;est une m\u00e9thode douce, souvent pratiqu\u00e9e sous forme de jeux, d&rsquo;histoires imaginatives et d&rsquo;exercices de respiration. Elle ne consiste pas \u00e0 r\u00e9ussir quelque chose, mais \u00e0 se sentir bien, sans comp\u00e9tition ni jugement.<\/p>\n\n\n\n<p>La sophrologie sert \u00e0 te donner des \u00ab super-pouvoirs \u00bb pour mieux vivre ton quotidien<\/p>\n\n\n\n<ul class=\"wp-block-list\">\n<li><strong>Apprivoiser tes \u00e9motions :<\/strong>&nbsp;Comprendre et calmer la col\u00e8re, la tristesse ou la peur.<\/li>\n\n\n\n<li><strong>Mieux dormir :<\/strong>&nbsp;Se d\u00e9tendre pour s&rsquo;endormir plus facilement et avoir moins de cauchemars.<\/li>\n\n\n\n<li><strong>Te concentrer :<\/strong>&nbsp;T&rsquo;aider \u00e0 te focaliser \u00e0 l&rsquo;\u00e9cole ou dans tes activit\u00e9s.<\/li>\n\n\n\n<li><strong>Prendre confiance en toi :<\/strong>&nbsp;Apprendre \u00e0 te sentir fort et serein.<\/li>\n\n\n\n<li><strong>G\u00e9rer le stress :<\/strong>&nbsp;Apaiser le stress des \u00e9valuations, des changements de vie (d\u00e9m\u00e9nagement, divorce) ou des examens.<\/li>\n<\/ul>\n\n\n\n<p>Elle s&rsquo;adresse aux enfants d\u00e8s qu&rsquo;ils savent parler et exprimer leurs \u00e9motions, g\u00e9n\u00e9ralement \u00e0 partir de&nbsp;<strong>4-5 ans<\/strong>. C&rsquo;est id\u00e9al pour les enfants :&nbsp;<\/p>\n\n\n\n<ul class=\"wp-block-list\">\n<li>Hypersensibles ou anxieux.<\/li>\n\n\n\n<li>Rencontrant des difficult\u00e9s de concentration (TDAH) ou des troubles de l&rsquo;apprentissage (Dys).<\/li>\n\n\n\n<li>Rencontrant des difficult\u00e9s relationnelles (timidit\u00e9, agressivit\u00e9)<\/li>\n<\/ul>\n\n\n\n<p>En quoi cela peut-il aider&nbsp;?<\/p>\n\n\n\n<ul class=\"wp-block-list\">\n<li><strong>D\u00e9tente physique et mentale :<\/strong>&nbsp;Le corps rel\u00e2che les tensions, et l&rsquo;esprit se calme.<\/li>\n\n\n\n<li><strong>Outils du quotidien :<\/strong>&nbsp;Les enfants apprennent \u00e0 utiliser la respiration pour calmer une angoisse instantan\u00e9ment.<\/li>\n\n\n\n<li><strong>Meilleure connaissance de soi :<\/strong>&nbsp;Les enfants prennent conscience de leur corps, de leurs sensations et de leurs \u00e9motions.<\/li>\n\n\n\n<li><strong>Cr\u00e9ativit\u00e9 :<\/strong>&nbsp;La visualisation aide \u00e0 projeter des images positives.&nbsp;<\/li>\n<\/ul>\n\n\n\n<p>En moyenne, il faut compter&nbsp;<strong>6 \u00e0 10 s\u00e9ances<\/strong>&nbsp;pour observer des r\u00e9sultats durables, le tout dans une ambiance ludique et bienveillante.<\/p>\n\n\n\n<p>Vous pouvez prendre contact avec Adeline Par\u00e9e, notre sophrologue directement via Rosa:<\/p>\n\n\n\n<p><a href=\"https:\/\/rosa.be\/fr\/hp\/adeline-paree\">https:\/\/rosa.be\/fr\/hp\/adeline-paree<\/a><\/p>\n\n\n","protected":false},"excerpt":{"rendered":"<p>Dans un monde toujours plus rapide, toujours plus exigeant, parfois oppressant, nous ne pouvons plus suivre, \u00e9couter nos \u00e9motions, nos besoins, notre corps. Je propose ici un chemin parmi tant d&rsquo;autres&#8230; La sophrologie est une m\u00e9thode psychocorporelle d&rsquo;accompagnement, cr\u00e9\u00e9e par le neuropsychiatre Alfonso Caycedo, et qui s&rsquo;inspire de diff\u00e9rentes influences th\u00e9rapeutiques et philosophiques venues d&rsquo;Orient [&hellip;]<\/p>\n","protected":false},"author":1,"featured_media":0,"parent":0,"menu_order":0,"comment_status":"closed","ping_status":"closed","template":"","meta":{"saved_in_kubio":true,"om_disable_all_campaigns":false,"_monsterinsights_skip_tracking":false,"_monsterinsights_sitenote_active":false,"_monsterinsights_sitenote_note":"","_monsterinsights_sitenote_category":0,"footnotes":""},"class_list":["post-1069","page","type-page","status-publish","hentry"],"aioseo_notices":[],"kubio_ai_page_context":{"short_desc":"","purpose":"general"},"_links":{"self":[{"href":"https:\/\/www.racontemoitonhistoire.be\/index.php?rest_route=\/wp\/v2\/pages\/1069","targetHints":{"allow":["GET"]}}],"collection":[{"href":"https:\/\/www.racontemoitonhistoire.be\/index.php?rest_route=\/wp\/v2\/pages"}],"about":[{"href":"https:\/\/www.racontemoitonhistoire.be\/index.php?rest_route=\/wp\/v2\/types\/page"}],"author":[{"embeddable":true,"href":"https:\/\/www.racontemoitonhistoire.be\/index.php?rest_route=\/wp\/v2\/users\/1"}],"replies":[{"embeddable":true,"href":"https:\/\/www.racontemoitonhistoire.be\/index.php?rest_route=%2Fwp%2Fv2%2Fcomments&post=1069"}],"version-history":[{"count":2,"href":"https:\/\/www.racontemoitonhistoire.be\/index.php?rest_route=\/wp\/v2\/pages\/1069\/revisions"}],"predecessor-version":[{"id":1085,"href":"https:\/\/www.racontemoitonhistoire.be\/index.php?rest_route=\/wp\/v2\/pages\/1069\/revisions\/1085"}],"wp:attachment":[{"href":"https:\/\/www.racontemoitonhistoire.be\/index.php?rest_route=%2Fwp%2Fv2%2Fmedia&parent=1069"}],"curies":[{"name":"wp","href":"https:\/\/api.w.org\/{rel}","templated":true}]}}