{"id":1076,"date":"2026-03-27T16:25:41","date_gmt":"2026-03-27T15:25:41","guid":{"rendered":"https:\/\/www.racontemoitonhistoire.be\/?page_id=1076"},"modified":"2026-03-27T16:30:07","modified_gmt":"2026-03-27T15:30:07","slug":"adeline-paree","status":"publish","type":"page","link":"https:\/\/www.racontemoitonhistoire.be\/?page_id=1076","title":{"rendered":"Adeline Par\u00e9e"},"content":{"rendered":"\n\n\n<p>Sophrologue Cayc\u00e9dienne et sp\u00e9cialis\u00e9e dans la sophrologie ludique (enfants), j&rsquo;accompagne en collectif ou en individuel, des adultes et des enfants vers une reconnexion \u00e0 soi, une compr\u00e9hension de son corps et de ses \u00e9motions. Je propose des outils (respiration, relaxation dynamique, visualisation) inclusifs pour l&rsquo;adapter \u00e0 chaque situation.<\/p>\n\n\n\n<p>\u00c9ducatrice et aide-soignante de formation, j&rsquo;ai travaill\u00e9 plus de 10 ans dans le domaine de l&rsquo;aide et du soin \u00e0 la personne.<\/p>\n\n\n\n<p>\u00ab Sophrolie en Fleurs \u00bb est n\u00e9 pendant l&rsquo;\u00e9t\u00e9 2025, au c\u0153ur d&rsquo;une r\u00e9flexion personnelle sur mes valeurs et sur la place du travail dans ma vie.<\/p>\n\n\n\n<p>Au bout de cette introspection, je me suis orient\u00e9e vers un accompagnement en sophrologie et en tant que conseill\u00e8re en fleurs de Bach. Tous deux sont des m\u00e9tiers ax\u00e9s vers des valeurs ch\u00e8res \u00e0 mes yeux telles que&nbsp;<strong>l&rsquo;autonomie<\/strong>,&nbsp;<strong>l&#8217;empathie<\/strong>, le&nbsp;<strong>d\u00e9veloppement des ressources personnelles<\/strong>,&nbsp;<strong>l&rsquo;accueil et l&rsquo;acceptation des \u00e9motions sans jugement<\/strong>&nbsp;et&nbsp;<strong>l&rsquo;accompagnement dans l&rsquo;\u00e9veil de la conscience<\/strong>.<\/p>\n\n\n\n<p>Pour prendre directement rendez-vous avec Adeline Par\u00e9e, cliquez sur le lien ci-dessous:<\/p>\n\n\n\n<p><a href=\"https:\/\/rosa.be\/fr\/hp\/adeline-paree\">https:\/\/rosa.be\/fr\/hp\/adeline-paree<\/a><\/p>\n\n\n\n<p><\/p>\n\n\n","protected":false},"excerpt":{"rendered":"<p>Sophrologue Cayc\u00e9dienne et sp\u00e9cialis\u00e9e dans la sophrologie ludique (enfants), j&rsquo;accompagne en collectif ou en individuel, des adultes et des enfants vers une reconnexion \u00e0 soi, une compr\u00e9hension de son corps et de ses \u00e9motions. Je propose des outils (respiration, relaxation dynamique, visualisation) inclusifs pour l&rsquo;adapter \u00e0 chaque situation. \u00c9ducatrice et aide-soignante de formation, j&rsquo;ai travaill\u00e9 [&hellip;]<\/p>\n","protected":false},"author":1,"featured_media":0,"parent":0,"menu_order":0,"comment_status":"closed","ping_status":"closed","template":"","meta":{"saved_in_kubio":true,"om_disable_all_campaigns":false,"_monsterinsights_skip_tracking":false,"_monsterinsights_sitenote_active":false,"_monsterinsights_sitenote_note":"","_monsterinsights_sitenote_category":0,"footnotes":""},"class_list":["post-1076","page","type-page","status-publish","hentry"],"aioseo_notices":[],"kubio_ai_page_context":{"short_desc":"","purpose":"general"},"_links":{"self":[{"href":"https:\/\/www.racontemoitonhistoire.be\/index.php?rest_route=\/wp\/v2\/pages\/1076","targetHints":{"allow":["GET"]}}],"collection":[{"href":"https:\/\/www.racontemoitonhistoire.be\/index.php?rest_route=\/wp\/v2\/pages"}],"about":[{"href":"https:\/\/www.racontemoitonhistoire.be\/index.php?rest_route=\/wp\/v2\/types\/page"}],"author":[{"embeddable":true,"href":"https:\/\/www.racontemoitonhistoire.be\/index.php?rest_route=\/wp\/v2\/users\/1"}],"replies":[{"embeddable":true,"href":"https:\/\/www.racontemoitonhistoire.be\/index.php?rest_route=%2Fwp%2Fv2%2Fcomments&post=1076"}],"version-history":[{"count":3,"href":"https:\/\/www.racontemoitonhistoire.be\/index.php?rest_route=\/wp\/v2\/pages\/1076\/revisions"}],"predecessor-version":[{"id":1083,"href":"https:\/\/www.racontemoitonhistoire.be\/index.php?rest_route=\/wp\/v2\/pages\/1076\/revisions\/1083"}],"wp:attachment":[{"href":"https:\/\/www.racontemoitonhistoire.be\/index.php?rest_route=%2Fwp%2Fv2%2Fmedia&parent=1076"}],"curies":[{"name":"wp","href":"https:\/\/api.w.org\/{rel}","templated":true}]}}