{"id":482,"date":"2023-02-17T14:40:19","date_gmt":"2023-02-17T13:40:19","guid":{"rendered":"http:\/\/www.racontemoitonhistoire.be\/?page_id=482"},"modified":"2025-07-25T14:43:10","modified_gmt":"2025-07-25T13:43:10","slug":"nadia-saidi","status":"publish","type":"page","link":"https:\/\/www.racontemoitonhistoire.be\/?page_id=482","title":{"rendered":"Nadia Saidi, psychologue"},"content":{"rendered":"<div class=\"wp-block-image\">\n<figure class=\"aligncenter size-large is-resized\"><a href=\"https:\/\/www.racontemoitonhistoire.be\/wp-content\/uploads\/2025\/07\/Recadree-pour-photobox-021-scaled.jpg\"><img loading=\"lazy\" decoding=\"async\" width=\"1024\" height=\"997\" src=\"https:\/\/www.racontemoitonhistoire.be\/wp-content\/uploads\/2025\/07\/Recadree-pour-photobox-021-1024x997.jpg\" alt=\"\" class=\"wp-image-718\" style=\"width:465px;height:auto\" srcset=\"https:\/\/www.racontemoitonhistoire.be\/wp-content\/uploads\/2025\/07\/Recadree-pour-photobox-021-1024x997.jpg 1024w, https:\/\/www.racontemoitonhistoire.be\/wp-content\/uploads\/2025\/07\/Recadree-pour-photobox-021-300x292.jpg 300w, https:\/\/www.racontemoitonhistoire.be\/wp-content\/uploads\/2025\/07\/Recadree-pour-photobox-021-768x748.jpg 768w, https:\/\/www.racontemoitonhistoire.be\/wp-content\/uploads\/2025\/07\/Recadree-pour-photobox-021-1536x1495.jpg 1536w, https:\/\/www.racontemoitonhistoire.be\/wp-content\/uploads\/2025\/07\/Recadree-pour-photobox-021-2048x1993.jpg 2048w\" sizes=\"(max-width: 1024px) 100vw, 1024px\" \/><\/a><\/figure>\n<\/div>\n\n\n<p>Dipl\u00f4m\u00e9e en psychologie clinique, mon cadre de travail se veut bienveillant et empathique pour permettre \u00e0 l\u2019enfant, l\u2019adolescent et l\u2019adulte de venir d\u00e9poser ce qui est difficile. Ma volont\u00e9 de travail est de co-construire avec vous des solutions individuelles, en lien avec votre r\u00e9alit\u00e9 de vie.&nbsp;<\/p>\n\n\n\n<p>Form\u00e9e en psychologie de la parentalit\u00e9, je suis disponible pour \u00ab&nbsp;penser&nbsp;\u00bb et \u00ab&nbsp;r\u00e9fl\u00e9chir&nbsp;\u00bb avec vous ce r\u00f4le qui est le v\u00f4tre. Face au burnout parental, mes comp\u00e9tences professionnelles ainsi que mes qualit\u00e9s d\u2019\u00e9coute et de non-jugement sont \u00e0 votre disposition pour vous aider \u00e0 r\u00e9tablir une harmonie au sein de votre parentalit\u00e9. Etant moi-m\u00eame m\u00e8re de deux enfants, il m\u2019est ais\u00e9 de comprendre la r\u00e9alit\u00e9 de votre v\u00e9cu.&nbsp;<\/p>\n\n\n\n<p>Mes outils de travail sont multiples et divers afin de pouvoir r\u00e9pondre \u00e0 un large panel de difficult\u00e9s&nbsp;: bac \u00e0 sable, r\u00e9cit de vie, art-th\u00e9rapie, psycho\u00e9ducation, jeux, \u2026 Toujours dans un souci d\u2019optimaliser ma pratique, je poursuis les formations continues, la supervision professionnelle et les intervisions. Ces diff\u00e9rentes formes d\u2019apprentissages font partie de mon quotidien de professionnel.&nbsp;<\/p>\n\n\n\n<p>Aussi, si je ne suis pas en mesure de r\u00e9pondre \u00e0 votre demande, ma d\u00e9ontologie et mon humanisme ne vous laisseront pas sans ressource. De nombreux partenariats, dans diff\u00e9rents domaines, ainsi qu\u2019une volont\u00e9 de travailler en \u00e9quipe me permettra dans la mesure du possible de vous orienter vers un professionnel qui sera en mesure de vous aider de mani\u00e8re plus optimale.&nbsp;<\/p>\n\n\n\n<p>Pour prendre rendez-vous directement avec Nadia Sa\u00efdi, cliquez sur le lien ci-dessous:<\/p>\n\n\n\n<p><a href=\"https:\/\/rosa.be\/fr\/booking\/hp\/nadia-saidi\/is-new-patient\/?site=67cb0f6416052fcf9205f97d\">https:\/\/rosa.be\/fr\/booking\/hp\/nadia-saidi\/is-new-patient\/?site=67cb0f6416052fcf9205f97d<\/a><\/p>\n\n\n<div class=\"wp-block-image\">\n<figure class=\"aligncenter size-full is-resized\"><a href=\"http:\/\/www.racontemoitonhistoire.be\/wp-content\/uploads\/2024\/09\/logo-version-jpeg.jpg\"><img loading=\"lazy\" decoding=\"async\" width=\"500\" height=\"500\" src=\"http:\/\/www.racontemoitonhistoire.be\/wp-content\/uploads\/2024\/09\/logo-version-jpeg.jpg\" alt=\"\" class=\"wp-image-603\" style=\"width:258px;height:auto\" srcset=\"https:\/\/www.racontemoitonhistoire.be\/wp-content\/uploads\/2024\/09\/logo-version-jpeg.jpg 500w, https:\/\/www.racontemoitonhistoire.be\/wp-content\/uploads\/2024\/09\/logo-version-jpeg-300x300.jpg 300w, https:\/\/www.racontemoitonhistoire.be\/wp-content\/uploads\/2024\/09\/logo-version-jpeg-150x150.jpg 150w, https:\/\/www.racontemoitonhistoire.be\/wp-content\/uploads\/2024\/09\/logo-version-jpeg-100x100.jpg 100w\" sizes=\"(max-width: 500px) 100vw, 500px\" \/><\/a><\/figure>\n<\/div>","protected":false},"excerpt":{"rendered":"<p>Dipl\u00f4m\u00e9e en psychologie clinique, mon cadre de travail se veut bienveillant et empathique pour permettre \u00e0 l\u2019enfant, l\u2019adolescent et l\u2019adulte de venir d\u00e9poser ce qui est difficile. Ma volont\u00e9 de travail est de co-construire avec vous des solutions individuelles, en lien avec votre r\u00e9alit\u00e9 de vie.&nbsp; Form\u00e9e en psychologie de la parentalit\u00e9, je suis disponible [&hellip;]<\/p>\n","protected":false},"author":1,"featured_media":0,"parent":0,"menu_order":0,"comment_status":"closed","ping_status":"closed","template":"","meta":{"saved_in_kubio":true,"om_disable_all_campaigns":false,"_monsterinsights_skip_tracking":false,"_monsterinsights_sitenote_active":false,"_monsterinsights_sitenote_note":"","_monsterinsights_sitenote_category":0,"footnotes":""},"class_list":["post-482","page","type-page","status-publish","hentry"],"aioseo_notices":[],"kubio_ai_page_context":{"short_desc":"","purpose":"general"},"_links":{"self":[{"href":"https:\/\/www.racontemoitonhistoire.be\/index.php?rest_route=\/wp\/v2\/pages\/482","targetHints":{"allow":["GET"]}}],"collection":[{"href":"https:\/\/www.racontemoitonhistoire.be\/index.php?rest_route=\/wp\/v2\/pages"}],"about":[{"href":"https:\/\/www.racontemoitonhistoire.be\/index.php?rest_route=\/wp\/v2\/types\/page"}],"author":[{"embeddable":true,"href":"https:\/\/www.racontemoitonhistoire.be\/index.php?rest_route=\/wp\/v2\/users\/1"}],"replies":[{"embeddable":true,"href":"https:\/\/www.racontemoitonhistoire.be\/index.php?rest_route=%2Fwp%2Fv2%2Fcomments&post=482"}],"version-history":[{"count":9,"href":"https:\/\/www.racontemoitonhistoire.be\/index.php?rest_route=\/wp\/v2\/pages\/482\/revisions"}],"predecessor-version":[{"id":998,"href":"https:\/\/www.racontemoitonhistoire.be\/index.php?rest_route=\/wp\/v2\/pages\/482\/revisions\/998"}],"wp:attachment":[{"href":"https:\/\/www.racontemoitonhistoire.be\/index.php?rest_route=%2Fwp%2Fv2%2Fmedia&parent=482"}],"curies":[{"name":"wp","href":"https:\/\/api.w.org\/{rel}","templated":true}]}}