{"id":5,"date":"2015-11-26T15:24:18","date_gmt":"2015-11-26T14:24:18","guid":{"rendered":"http:\/\/www.racontemoitonhistoire.be\/?page_id=5"},"modified":"2024-09-04T12:47:36","modified_gmt":"2024-09-04T11:47:36","slug":"la-psychologue","status":"publish","type":"page","link":"https:\/\/www.racontemoitonhistoire.be\/?page_id=5","title":{"rendered":"L&rsquo;\u00e9quipe"},"content":{"rendered":"\n<figure class=\"wp-block-image size-large is-resized\"><a href=\"http:\/\/www.racontemoitonhistoire.be\/wp-content\/uploads\/2024\/09\/IMG_8890-scaled.jpg\"><img loading=\"lazy\" decoding=\"async\" width=\"1024\" height=\"768\" src=\"http:\/\/www.racontemoitonhistoire.be\/wp-content\/uploads\/2024\/09\/IMG_8890-1024x768.jpg\" alt=\"\" class=\"wp-image-592\" style=\"width:471px;height:auto\" srcset=\"https:\/\/www.racontemoitonhistoire.be\/wp-content\/uploads\/2024\/09\/IMG_8890-1024x768.jpg 1024w, https:\/\/www.racontemoitonhistoire.be\/wp-content\/uploads\/2024\/09\/IMG_8890-300x225.jpg 300w, https:\/\/www.racontemoitonhistoire.be\/wp-content\/uploads\/2024\/09\/IMG_8890-768x576.jpg 768w, https:\/\/www.racontemoitonhistoire.be\/wp-content\/uploads\/2024\/09\/IMG_8890-1536x1152.jpg 1536w, https:\/\/www.racontemoitonhistoire.be\/wp-content\/uploads\/2024\/09\/IMG_8890-2048x1536.jpg 2048w\" sizes=\"(max-width: 1024px) 100vw, 1024px\" \/><\/a><\/figure>\n\n\n\n<p>Notre \u00e9quipe pluridisciplinaire est compos\u00e9e de psychologues, th\u00e9rapeutes, d&rsquo;une p\u00e9do psychiatre et d&rsquo;une \u00e9ducatrice sp\u00e9cialis\u00e9e. Elle peut r\u00e9pondre \u00e0 la plupart de vos demandes  chacun en fonction de ses sp\u00e9cificit\u00e9s. <\/p>\n\n\n\n<p>Pour joindre le cabinet pluridisciplinaire situ\u00e9e \u00e0 Hannut, vous pouvez joindre notre secr\u00e9tariat du lundi au vendredi de 9h \u00e0 17h au 0479\/384.388.<\/p>\n","protected":false},"excerpt":{"rendered":"<p>Notre \u00e9quipe pluridisciplinaire est compos\u00e9e de psychologues, th\u00e9rapeutes, d&rsquo;une p\u00e9do psychiatre et d&rsquo;une \u00e9ducatrice sp\u00e9cialis\u00e9e. Elle peut r\u00e9pondre \u00e0 la plupart de vos demandes chacun en fonction de ses sp\u00e9cificit\u00e9s. Pour joindre le cabinet pluridisciplinaire situ\u00e9e \u00e0 Hannut, vous pouvez joindre notre secr\u00e9tariat du lundi au vendredi de 9h \u00e0 17h au 0479\/384.388.<\/p>\n","protected":false},"author":1,"featured_media":0,"parent":0,"menu_order":0,"comment_status":"closed","ping_status":"closed","template":"","meta":{"saved_in_kubio":false,"om_disable_all_campaigns":false,"_monsterinsights_skip_tracking":false,"_monsterinsights_sitenote_active":false,"_monsterinsights_sitenote_note":"","_monsterinsights_sitenote_category":0,"footnotes":""},"class_list":["post-5","page","type-page","status-publish","hentry"],"aioseo_notices":[],"kubio_ai_page_context":{"short_desc":"","purpose":"general"},"_links":{"self":[{"href":"https:\/\/www.racontemoitonhistoire.be\/index.php?rest_route=\/wp\/v2\/pages\/5","targetHints":{"allow":["GET"]}}],"collection":[{"href":"https:\/\/www.racontemoitonhistoire.be\/index.php?rest_route=\/wp\/v2\/pages"}],"about":[{"href":"https:\/\/www.racontemoitonhistoire.be\/index.php?rest_route=\/wp\/v2\/types\/page"}],"author":[{"embeddable":true,"href":"https:\/\/www.racontemoitonhistoire.be\/index.php?rest_route=\/wp\/v2\/users\/1"}],"replies":[{"embeddable":true,"href":"https:\/\/www.racontemoitonhistoire.be\/index.php?rest_route=%2Fwp%2Fv2%2Fcomments&post=5"}],"version-history":[{"count":34,"href":"https:\/\/www.racontemoitonhistoire.be\/index.php?rest_route=\/wp\/v2\/pages\/5\/revisions"}],"predecessor-version":[{"id":593,"href":"https:\/\/www.racontemoitonhistoire.be\/index.php?rest_route=\/wp\/v2\/pages\/5\/revisions\/593"}],"wp:attachment":[{"href":"https:\/\/www.racontemoitonhistoire.be\/index.php?rest_route=%2Fwp%2Fv2%2Fmedia&parent=5"}],"curies":[{"name":"wp","href":"https:\/\/api.w.org\/{rel}","templated":true}]}}