{"id":543,"date":"2023-10-09T20:36:12","date_gmt":"2023-10-09T19:36:12","guid":{"rendered":"http:\/\/www.racontemoitonhistoire.be\/?page_id=543"},"modified":"2025-07-24T11:11:13","modified_gmt":"2025-07-24T10:11:13","slug":"groupe-therapeutique-ado","status":"publish","type":"page","link":"https:\/\/www.racontemoitonhistoire.be\/?page_id=543","title":{"rendered":"Groupe th\u00e9rapeutique enfants et adolescents"},"content":{"rendered":"<div class=\"wp-block-image\">\n<figure class=\"aligncenter size-large is-resized\"><a href=\"http:\/\/www.racontemoitonhistoire.be\/wp-content\/uploads\/2023\/10\/pexels-andrea-piacquadio-3795309-1-scaled.jpg\"><img loading=\"lazy\" decoding=\"async\" width=\"1024\" height=\"768\" src=\"http:\/\/www.racontemoitonhistoire.be\/wp-content\/uploads\/2023\/10\/pexels-andrea-piacquadio-3795309-1-1024x768.jpg\" alt=\"\" class=\"wp-image-548\" style=\"aspect-ratio:1.335978835978836;width:376px;height:auto\" srcset=\"https:\/\/www.racontemoitonhistoire.be\/wp-content\/uploads\/2023\/10\/pexels-andrea-piacquadio-3795309-1-1024x768.jpg 1024w, https:\/\/www.racontemoitonhistoire.be\/wp-content\/uploads\/2023\/10\/pexels-andrea-piacquadio-3795309-1-300x225.jpg 300w, https:\/\/www.racontemoitonhistoire.be\/wp-content\/uploads\/2023\/10\/pexels-andrea-piacquadio-3795309-1-768x576.jpg 768w, https:\/\/www.racontemoitonhistoire.be\/wp-content\/uploads\/2023\/10\/pexels-andrea-piacquadio-3795309-1-1536x1151.jpg 1536w, https:\/\/www.racontemoitonhistoire.be\/wp-content\/uploads\/2023\/10\/pexels-andrea-piacquadio-3795309-1-2048x1535.jpg 2048w\" sizes=\"(max-width: 1024px) 100vw, 1024px\" \/><\/a><\/figure>\n<\/div>\n\n\n<p><strong>Quelles sont les th\u00e9matiques abord\u00e9es?<\/strong><\/p>\n\n\n\n<p>Connaissance de soi, estime de soi, oser dire stop, habilit\u00e9s sociales et \u00e9motionnelles, harc\u00e8lement,&#8230;<\/p>\n\n\n\n<p><strong>Quels groupes?<\/strong><\/p>\n\n\n\n<p>Groupe A: Graines de contact pour les 2,5 \u00e0 5 ans<\/p>\n\n\n\n<p>Groupe B: Jeunes pousses pour les 6 \u00e0 12 ans<\/p>\n\n\n\n<p>Groupe C: Pistils et \u00e9tamines pour les 12 \u00e0 15 ans<\/p>\n\n\n\n<p>Groupe D: Pollinisateurs pour les 16 \u00e0 23 ans<\/p>\n\n\n\n<p><strong>Qui anime les groupes?<\/strong><\/p>\n\n\n\n<p>Nadia Sa\u00efdi, psychologue clinicienne et Beno\u00eet Zinzen, orthop\u00e9dagogue clinicien sont responsables de l&rsquo;animation de ces des groupes.<\/p>\n\n\n<div class=\"wp-block-image\">\n<figure class=\"aligncenter size-large is-resized\"><a href=\"https:\/\/www.racontemoitonhistoire.be\/wp-content\/uploads\/2024\/09\/young-1922401_1280.jpg\"><img loading=\"lazy\" decoding=\"async\" width=\"1024\" height=\"682\" src=\"https:\/\/www.racontemoitonhistoire.be\/wp-content\/uploads\/2024\/09\/young-1922401_1280-1024x682.jpg\" alt=\"\" class=\"wp-image-637\" style=\"width:346px;height:auto\" srcset=\"https:\/\/www.racontemoitonhistoire.be\/wp-content\/uploads\/2024\/09\/young-1922401_1280-1024x682.jpg 1024w, https:\/\/www.racontemoitonhistoire.be\/wp-content\/uploads\/2024\/09\/young-1922401_1280-300x200.jpg 300w, https:\/\/www.racontemoitonhistoire.be\/wp-content\/uploads\/2024\/09\/young-1922401_1280-768x512.jpg 768w, https:\/\/www.racontemoitonhistoire.be\/wp-content\/uploads\/2024\/09\/young-1922401_1280.jpg 1280w\" sizes=\"(max-width: 1024px) 100vw, 1024px\" \/><\/a><\/figure>\n<\/div>\n\n\n<p><\/p>\n\n\n\n<p><strong>Quel co\u00fbt?<\/strong><\/p>\n\n\n\n<p>2,5\u20ac par s\u00e9ance dans le cadre de la nouvelle convention des soins de sant\u00e9 de l&rsquo;Inami.<\/p>\n\n\n\n<p><strong>Comment y inscrire votre enfant ou votre adolescent?<\/strong><\/p>\n\n\n\n<p>Vous pouvez joindre le secr\u00e9tariat du cabinet au 0479\/38.43.88 du lundi au vendredi de 9h \u00e0 17h.<\/p>\n\n\n<div class=\"wp-block-image\">\n<figure class=\"aligncenter size-full is-resized\"><a href=\"http:\/\/www.racontemoitonhistoire.be\/wp-content\/uploads\/2024\/09\/logo-version-jpeg.jpg\"><img loading=\"lazy\" decoding=\"async\" width=\"500\" height=\"500\" src=\"http:\/\/www.racontemoitonhistoire.be\/wp-content\/uploads\/2024\/09\/logo-version-jpeg.jpg\" alt=\"\" class=\"wp-image-603\" style=\"width:324px;height:auto\" srcset=\"https:\/\/www.racontemoitonhistoire.be\/wp-content\/uploads\/2024\/09\/logo-version-jpeg.jpg 500w, https:\/\/www.racontemoitonhistoire.be\/wp-content\/uploads\/2024\/09\/logo-version-jpeg-300x300.jpg 300w, https:\/\/www.racontemoitonhistoire.be\/wp-content\/uploads\/2024\/09\/logo-version-jpeg-150x150.jpg 150w, https:\/\/www.racontemoitonhistoire.be\/wp-content\/uploads\/2024\/09\/logo-version-jpeg-100x100.jpg 100w\" sizes=\"(max-width: 500px) 100vw, 500px\" \/><\/a><\/figure>\n<\/div>","protected":false},"excerpt":{"rendered":"<p>Quelles sont les th\u00e9matiques abord\u00e9es? Connaissance de soi, estime de soi, oser dire stop, habilit\u00e9s sociales et \u00e9motionnelles, harc\u00e8lement,&#8230; Quels groupes? Groupe A: Graines de contact pour les 2,5 \u00e0 5 ans Groupe B: Jeunes pousses pour les 6 \u00e0 12 ans Groupe C: Pistils et \u00e9tamines pour les 12 \u00e0 15 ans Groupe D: [&hellip;]<\/p>\n","protected":false},"author":1,"featured_media":0,"parent":0,"menu_order":0,"comment_status":"closed","ping_status":"closed","template":"","meta":{"saved_in_kubio":true,"om_disable_all_campaigns":false,"_monsterinsights_skip_tracking":false,"_monsterinsights_sitenote_active":false,"_monsterinsights_sitenote_note":"","_monsterinsights_sitenote_category":0,"footnotes":""},"class_list":["post-543","page","type-page","status-publish","hentry"],"aioseo_notices":[],"kubio_ai_page_context":{"short_desc":"","purpose":"general"},"_links":{"self":[{"href":"https:\/\/www.racontemoitonhistoire.be\/index.php?rest_route=\/wp\/v2\/pages\/543","targetHints":{"allow":["GET"]}}],"collection":[{"href":"https:\/\/www.racontemoitonhistoire.be\/index.php?rest_route=\/wp\/v2\/pages"}],"about":[{"href":"https:\/\/www.racontemoitonhistoire.be\/index.php?rest_route=\/wp\/v2\/types\/page"}],"author":[{"embeddable":true,"href":"https:\/\/www.racontemoitonhistoire.be\/index.php?rest_route=\/wp\/v2\/users\/1"}],"replies":[{"embeddable":true,"href":"https:\/\/www.racontemoitonhistoire.be\/index.php?rest_route=%2Fwp%2Fv2%2Fcomments&post=543"}],"version-history":[{"count":7,"href":"https:\/\/www.racontemoitonhistoire.be\/index.php?rest_route=\/wp\/v2\/pages\/543\/revisions"}],"predecessor-version":[{"id":956,"href":"https:\/\/www.racontemoitonhistoire.be\/index.php?rest_route=\/wp\/v2\/pages\/543\/revisions\/956"}],"wp:attachment":[{"href":"https:\/\/www.racontemoitonhistoire.be\/index.php?rest_route=%2Fwp%2Fv2%2Fmedia&parent=543"}],"curies":[{"name":"wp","href":"https:\/\/api.w.org\/{rel}","templated":true}]}}